{"id":5731,"date":"2020-03-15T13:17:47","date_gmt":"2020-03-15T11:17:47","guid":{"rendered":"https:\/\/www.finnanime.com\/?page_id=5731"},"modified":"2024-12-05T10:26:40","modified_gmt":"2024-12-05T08:26:40","slug":"amv","status":"publish","type":"page","link":"https:\/\/finanime.fi\/en\/resurssit\/amv\/","title":{"rendered":"AMV"},"content":{"rendered":"<p><em>NOTE! NOTE! NOTE!<\/em><\/p>\n\n\n\n<p><em>Finanime and the author are in no way affiliated with the programs or media content covered in these articles and texts - the articles are published for entertainment purposes, each user is responsible for the files and programs they download and the consequences of their use. We cannot guarantee the functionality or security of the links. Never download any files from suspicious sites, keep your antivirus up to date and up to date!<\/em><\/p>\n\n\n\n<p>If you find a broken link or something inappropriate or harmful in the links, please let us know and we will fix \/ remove the link. The content to which the links point is not under our control and their owner may change or delete its content at any time.<\/p>\n\n\n\n<div style=\"height:34px\" aria-hidden=\"true\" class=\"wp-block-spacer\"><\/div>\n\n\n\n<div class=\"wp-block-columns is-layout-flex wp-container-core-columns-is-layout-28f84493 wp-block-columns-is-layout-flex\">\n<div class=\"wp-block-column is-vertically-aligned-center is-layout-flow wp-block-column-is-layout-flow\"><div class=\"wp-block-image\">\n<figure class=\"aligncenter size-large\"><img loading=\"lazy\" decoding=\"async\" width=\"170\" height=\"200\" src=\"https:\/\/finanime.fi\/wp-content\/uploads\/2020\/03\/seeu_chibi.jpg\" alt=\"\" class=\"wp-image-5614\"\/><\/figure>\n<\/div><\/div>\n<\/div>\n\n\n\n<h2 class=\"wp-block-heading has-text-color\" style=\"color:#0097ce\">Anime Music Video - AMV<\/h2>\n\n\n\n<p>AMV - this is a work that uses footage edited from either one or more animes to make a music video. At its best, a good AMV increases the power of the experience provided by a used piece of music many times over, just like any other type of music video.<\/p>\n\n\n\n<p>Some artists have even used anime as a medium for their official music videos. Usually, these artists have also performed opening tunes for the series as well, with the most popular theme songs in Japan often going straight to the top of playlists.<\/p>\n\n\n\n<p>However, music and music videos are a subjective experience, everyone has their own preferences - the purpose of this article is just to encourage you to explore and discover!<\/p>\n\n\n\n<p>Briefly about the concepts:<\/p>\n\n\n\n<ul class=\"wp-block-list\">\n<li>MEP - Multi Editor Project, the work is a collaboration between several different people or teams.<\/li>\n\n\n\n<li>MAD - Most likely an abbreviation from Japan, synonymous with AMV<\/li>\n\n\n\n<li>MMD - MikuMikuDance, in this context, indicates the program with which the video was made. More information <a href=\"https:\/\/finanime.fi\/en\/resurssit\/mmd\/\">from here<\/a>.<\/li>\n<\/ul>\n\n\n\n<hr class=\"wp-block-separator has-css-opacity\"\/>\n\n\n\n<p><\/p>","protected":false},"excerpt":{"rendered":"<p>HUOM!&nbsp; HUOM!&nbsp; HUOM! Finanime ja kirjoittaja ei ole mill\u00e4\u00e4n tavalla kytk\u00f6ksiss\u00e4 n\u00e4iss\u00e4 artikkeleissa ja teksteiss\u00e4 k\u00e4siteltyihin ohjelmiin tai mediasis\u00e4lt\u00f6ihin- artikkelit julkaistaan viihdetarkoituksessa, jokainen k\u00e4ytt\u00e4j\u00e4 vastaa itse lataamistaan tiedostoista ja ohjelmista sek\u00e4 niiden k\u00e4yt\u00f6st\u00e4 johtuvista seurauksista. Emme voi menn\u00e4 takuuseen linkkien toimivuudesta tai turvallisuudesta. \u00c4l\u00e4 koskaan lataa mit\u00e4\u00e4n tiedostoja ep\u00e4ilytt\u00e4vilt\u00e4 sivustoilta, pid\u00e4 virustorjunta aina p\u00e4\u00e4ll\u00e4 sek\u00e4 [&hellip;]<\/p>\n","protected":false},"author":1,"featured_media":0,"parent":2,"menu_order":0,"comment_status":"closed","ping_status":"closed","template":"template-fullwidth.php","meta":{"footnotes":""},"class_list":["post-5731","page","type-page","status-publish","hentry"],"jetpack_likes_enabled":true,"jetpack_sharing_enabled":true,"_links":{"self":[{"href":"https:\/\/finanime.fi\/en\/wp-json\/wp\/v2\/pages\/5731","targetHints":{"allow":["GET"]}}],"collection":[{"href":"https:\/\/finanime.fi\/en\/wp-json\/wp\/v2\/pages"}],"about":[{"href":"https:\/\/finanime.fi\/en\/wp-json\/wp\/v2\/types\/page"}],"author":[{"embeddable":true,"href":"https:\/\/finanime.fi\/en\/wp-json\/wp\/v2\/users\/1"}],"replies":[{"embeddable":true,"href":"https:\/\/finanime.fi\/en\/wp-json\/wp\/v2\/comments?post=5731"}],"version-history":[{"count":1,"href":"https:\/\/finanime.fi\/en\/wp-json\/wp\/v2\/pages\/5731\/revisions"}],"predecessor-version":[{"id":395828,"href":"https:\/\/finanime.fi\/en\/wp-json\/wp\/v2\/pages\/5731\/revisions\/395828"}],"up":[{"embeddable":true,"href":"https:\/\/finanime.fi\/en\/wp-json\/wp\/v2\/pages\/2"}],"wp:attachment":[{"href":"https:\/\/finanime.fi\/en\/wp-json\/wp\/v2\/media?parent=5731"}],"curies":[{"name":"wp","href":"https:\/\/api.w.org\/{rel}","templated":true}]}}